{"id":563,"date":"2014-06-10T23:41:08","date_gmt":"2014-06-10T21:41:08","guid":{"rendered":"http:\/\/debestesocialmedia.nl\/?page_id=563"},"modified":"2024-01-31T14:53:20","modified_gmt":"2024-01-31T13:53:20","slug":"awards","status":"publish","type":"page","link":"https:\/\/www.thebestsocial.media\/nl\/awards\/","title":{"rendered":"Awards"},"content":{"rendered":"<p><img loading=\"lazy\" decoding=\"async\" class=\"alignnone wp-image-291021 size-full\" src=\"https:\/\/www.thebestsocial.media\/nl\/wp-content\/uploads\/sites\/2\/2024\/01\/NL-Banner.png\" alt=\"awards\" width=\"1920\" height=\"1080\" srcset=\"https:\/\/www.thebestsocial.media\/nl\/wp-content\/uploads\/sites\/2\/2024\/01\/NL-Banner.png 1920w, https:\/\/www.thebestsocial.media\/nl\/wp-content\/uploads\/sites\/2\/2024\/01\/NL-Banner-300x169.png 300w, https:\/\/www.thebestsocial.media\/nl\/wp-content\/uploads\/sites\/2\/2024\/01\/NL-Banner-1024x576.png 1024w, https:\/\/www.thebestsocial.media\/nl\/wp-content\/uploads\/sites\/2\/2024\/01\/NL-Banner-768x432.png 768w, https:\/\/www.thebestsocial.media\/nl\/wp-content\/uploads\/sites\/2\/2024\/01\/NL-Banner-1536x864.png 1536w\" sizes=\"auto, (max-width: 1920px) 100vw, 1920px\" \/><\/p>\n<p>Op donderdag 1 februari 2024 reiken we The Best Social Awards voor de Business-categorie\u00ebn \u00e9n de Audience-categorie\u00ebn uit tijdens een spectaculaire show. Deze is vanaf 20:30 uur te volgen via een livestream op <a href=\"https:\/\/youtube.com\/live\/MrSPdH7sZP8\" target=\"_blank\" rel=\"noopener\">YouTube <\/a>en\u00a0<a href=\"https:\/\/www.twitch.tv\/thebestsocialmedia\" target=\"_blank\" rel=\"noopener\">Twitch<\/a>.<\/p>\n<p>&nbsp;<\/p>\n<p>Like en volg The Best Social Awards op <a href=\"https:\/\/www.facebook.com\/thebestsocialawards\/\" target=\"_blank\" rel=\"noopener noreferrer\">Facebook<\/a> en <a href=\"https:\/\/www.instagram.com\/thebestsocialawards\/?hl=nl\" target=\"_blank\" rel=\"noopener noreferrer\">Instagram<\/a> om op de hoogte te blijven!<\/p>\n<p>&nbsp;<\/p>\n","protected":false},"excerpt":{"rendered":"<p>Op donderdag 1 februari 2024 reiken we The Best Social Awards voor de Business-categorie\u00ebn \u00e9n de Audience-categorie\u00ebn uit tijdens een spectaculaire show. Deze is vanaf&#8230;<\/p>\n","protected":false},"author":1,"featured_media":0,"parent":0,"menu_order":0,"comment_status":"closed","ping_status":"closed","template":"","meta":{"_acf_changed":false,"footnotes":""},"class_list":["post-563","page","type-page","status-publish","hentry"],"acf":[],"yoast_head":"<!-- This site is optimized with the Yoast SEO plugin v27.4 - https:\/\/yoast.com\/product\/yoast-seo-wordpress\/ -->\n<title>Awards - The Best Social Media NL<\/title>\n<meta name=\"robots\" content=\"index, follow, max-snippet:-1, max-image-preview:large, max-video-preview:-1\" \/>\n<link rel=\"canonical\" href=\"https:\/\/www.thebestsocial.media\/nl\/awards\/\" \/>\n<meta property=\"og:locale\" content=\"nl_NL\" \/>\n<meta property=\"og:type\" content=\"article\" \/>\n<meta property=\"og:title\" content=\"Awards - The Best Social Media NL\" \/>\n<meta property=\"og:description\" content=\"Op donderdag 1 februari 2024 reiken we The Best Social Awards voor de Business-categorie\u00ebn \u00e9n de Audience-categorie\u00ebn uit tijdens een spectaculaire show. Deze is vanaf...\" \/>\n<meta property=\"og:url\" content=\"https:\/\/www.thebestsocial.media\/nl\/awards\/\" \/>\n<meta property=\"og:site_name\" content=\"The Best Social Media NL\" \/>\n<meta property=\"article:modified_time\" content=\"2024-01-31T13:53:20+00:00\" \/>\n<meta property=\"og:image\" content=\"https:\/\/www.thebestsocial.media\/nl\/wp-content\/uploads\/sites\/2\/2020\/04\/blog-header_audience_v2-1024x536.png\" \/>\n\t<meta property=\"og:image:width\" content=\"1024\" \/>\n\t<meta property=\"og:image:height\" content=\"536\" \/>\n\t<meta property=\"og:image:type\" content=\"image\/png\" \/>\n<meta name=\"twitter:card\" content=\"summary_large_image\" \/>\n<meta name=\"twitter:image\" content=\"https:\/\/www.thebestsocial.media\/nl\/wp-content\/uploads\/sites\/2\/2020\/04\/blog-header_audience_v2.png\" \/>\n<meta name=\"twitter:label1\" content=\"Geschatte leestijd\" \/>\n\t<meta name=\"twitter:data1\" content=\"1 minuut\" \/>\n<script type=\"application\/ld+json\" class=\"yoast-schema-graph\">{\"@context\":\"https:\\\/\\\/schema.org\",\"@graph\":[{\"@type\":\"WebPage\",\"@id\":\"https:\\\/\\\/www.thebestsocial.media\\\/nl\\\/awards\\\/\",\"url\":\"https:\\\/\\\/www.thebestsocial.media\\\/nl\\\/awards\\\/\",\"name\":\"Awards - The Best Social Media NL\",\"isPartOf\":{\"@id\":\"https:\\\/\\\/www.thebestsocial.media\\\/nl\\\/#website\"},\"primaryImageOfPage\":{\"@id\":\"https:\\\/\\\/www.thebestsocial.media\\\/nl\\\/awards\\\/#primaryimage\"},\"image\":{\"@id\":\"https:\\\/\\\/www.thebestsocial.media\\\/nl\\\/awards\\\/#primaryimage\"},\"thumbnailUrl\":\"https:\\\/\\\/www.thebestsocial.media\\\/nl\\\/wp-content\\\/uploads\\\/sites\\\/2\\\/2024\\\/01\\\/NL-Banner.png\",\"datePublished\":\"2014-06-10T21:41:08+00:00\",\"dateModified\":\"2024-01-31T13:53:20+00:00\",\"breadcrumb\":{\"@id\":\"https:\\\/\\\/www.thebestsocial.media\\\/nl\\\/awards\\\/#breadcrumb\"},\"inLanguage\":\"nl-NL\",\"potentialAction\":[{\"@type\":\"ReadAction\",\"target\":[\"https:\\\/\\\/www.thebestsocial.media\\\/nl\\\/awards\\\/\"]}]},{\"@type\":\"ImageObject\",\"inLanguage\":\"nl-NL\",\"@id\":\"https:\\\/\\\/www.thebestsocial.media\\\/nl\\\/awards\\\/#primaryimage\",\"url\":\"https:\\\/\\\/www.thebestsocial.media\\\/nl\\\/wp-content\\\/uploads\\\/sites\\\/2\\\/2024\\\/01\\\/NL-Banner.png\",\"contentUrl\":\"https:\\\/\\\/www.thebestsocial.media\\\/nl\\\/wp-content\\\/uploads\\\/sites\\\/2\\\/2024\\\/01\\\/NL-Banner.png\",\"width\":1920,\"height\":1080,\"caption\":\"awards\"},{\"@type\":\"BreadcrumbList\",\"@id\":\"https:\\\/\\\/www.thebestsocial.media\\\/nl\\\/awards\\\/#breadcrumb\",\"itemListElement\":[{\"@type\":\"ListItem\",\"position\":1,\"name\":\"Home\",\"item\":\"https:\\\/\\\/www.thebestsocial.media\\\/nl\\\/\"},{\"@type\":\"ListItem\",\"position\":2,\"name\":\"Awards\"}]},{\"@type\":\"WebSite\",\"@id\":\"https:\\\/\\\/www.thebestsocial.media\\\/nl\\\/#website\",\"url\":\"https:\\\/\\\/www.thebestsocial.media\\\/nl\\\/\",\"name\":\"The Best Social Media NL\",\"description\":\"Zoeklicht in de Digital Chaos\",\"potentialAction\":[{\"@type\":\"SearchAction\",\"target\":{\"@type\":\"EntryPoint\",\"urlTemplate\":\"https:\\\/\\\/www.thebestsocial.media\\\/nl\\\/?s={search_term_string}\"},\"query-input\":{\"@type\":\"PropertyValueSpecification\",\"valueRequired\":true,\"valueName\":\"search_term_string\"}}],\"inLanguage\":\"nl-NL\"}]}<\/script>\n<!-- \/ Yoast SEO plugin. -->","yoast_head_json":{"title":"Awards - The Best Social Media NL","robots":{"index":"index","follow":"follow","max-snippet":"max-snippet:-1","max-image-preview":"max-image-preview:large","max-video-preview":"max-video-preview:-1"},"canonical":"https:\/\/www.thebestsocial.media\/nl\/awards\/","og_locale":"nl_NL","og_type":"article","og_title":"Awards - The Best Social Media NL","og_description":"Op donderdag 1 februari 2024 reiken we The Best Social Awards voor de Business-categorie\u00ebn \u00e9n de Audience-categorie\u00ebn uit tijdens een spectaculaire show. Deze is vanaf...","og_url":"https:\/\/www.thebestsocial.media\/nl\/awards\/","og_site_name":"The Best Social Media NL","article_modified_time":"2024-01-31T13:53:20+00:00","og_image":[{"width":1024,"height":536,"url":"https:\/\/www.thebestsocial.media\/nl\/wp-content\/uploads\/sites\/2\/2020\/04\/blog-header_audience_v2-1024x536.png","type":"image\/png"}],"twitter_card":"summary_large_image","twitter_image":"https:\/\/www.thebestsocial.media\/nl\/wp-content\/uploads\/sites\/2\/2020\/04\/blog-header_audience_v2.png","twitter_misc":{"Geschatte leestijd":"1 minuut"},"schema":{"@context":"https:\/\/schema.org","@graph":[{"@type":"WebPage","@id":"https:\/\/www.thebestsocial.media\/nl\/awards\/","url":"https:\/\/www.thebestsocial.media\/nl\/awards\/","name":"Awards - The Best Social Media NL","isPartOf":{"@id":"https:\/\/www.thebestsocial.media\/nl\/#website"},"primaryImageOfPage":{"@id":"https:\/\/www.thebestsocial.media\/nl\/awards\/#primaryimage"},"image":{"@id":"https:\/\/www.thebestsocial.media\/nl\/awards\/#primaryimage"},"thumbnailUrl":"https:\/\/www.thebestsocial.media\/nl\/wp-content\/uploads\/sites\/2\/2024\/01\/NL-Banner.png","datePublished":"2014-06-10T21:41:08+00:00","dateModified":"2024-01-31T13:53:20+00:00","breadcrumb":{"@id":"https:\/\/www.thebestsocial.media\/nl\/awards\/#breadcrumb"},"inLanguage":"nl-NL","potentialAction":[{"@type":"ReadAction","target":["https:\/\/www.thebestsocial.media\/nl\/awards\/"]}]},{"@type":"ImageObject","inLanguage":"nl-NL","@id":"https:\/\/www.thebestsocial.media\/nl\/awards\/#primaryimage","url":"https:\/\/www.thebestsocial.media\/nl\/wp-content\/uploads\/sites\/2\/2024\/01\/NL-Banner.png","contentUrl":"https:\/\/www.thebestsocial.media\/nl\/wp-content\/uploads\/sites\/2\/2024\/01\/NL-Banner.png","width":1920,"height":1080,"caption":"awards"},{"@type":"BreadcrumbList","@id":"https:\/\/www.thebestsocial.media\/nl\/awards\/#breadcrumb","itemListElement":[{"@type":"ListItem","position":1,"name":"Home","item":"https:\/\/www.thebestsocial.media\/nl\/"},{"@type":"ListItem","position":2,"name":"Awards"}]},{"@type":"WebSite","@id":"https:\/\/www.thebestsocial.media\/nl\/#website","url":"https:\/\/www.thebestsocial.media\/nl\/","name":"The Best Social Media NL","description":"Zoeklicht in de Digital Chaos","potentialAction":[{"@type":"SearchAction","target":{"@type":"EntryPoint","urlTemplate":"https:\/\/www.thebestsocial.media\/nl\/?s={search_term_string}"},"query-input":{"@type":"PropertyValueSpecification","valueRequired":true,"valueName":"search_term_string"}}],"inLanguage":"nl-NL"}]}},"amp_enabled":true,"_links":{"self":[{"href":"https:\/\/www.thebestsocial.media\/nl\/wp-json\/wp\/v2\/pages\/563","targetHints":{"allow":["GET"]}}],"collection":[{"href":"https:\/\/www.thebestsocial.media\/nl\/wp-json\/wp\/v2\/pages"}],"about":[{"href":"https:\/\/www.thebestsocial.media\/nl\/wp-json\/wp\/v2\/types\/page"}],"author":[{"embeddable":true,"href":"https:\/\/www.thebestsocial.media\/nl\/wp-json\/wp\/v2\/users\/1"}],"replies":[{"embeddable":true,"href":"https:\/\/www.thebestsocial.media\/nl\/wp-json\/wp\/v2\/comments?post=563"}],"version-history":[{"count":25,"href":"https:\/\/www.thebestsocial.media\/nl\/wp-json\/wp\/v2\/pages\/563\/revisions"}],"predecessor-version":[{"id":291604,"href":"https:\/\/www.thebestsocial.media\/nl\/wp-json\/wp\/v2\/pages\/563\/revisions\/291604"}],"wp:attachment":[{"href":"https:\/\/www.thebestsocial.media\/nl\/wp-json\/wp\/v2\/media?parent=563"}],"curies":[{"name":"wp","href":"https:\/\/api.w.org\/{rel}","templated":true}]}}