{"id":167,"date":"2016-02-01T08:19:17","date_gmt":"2016-02-01T07:19:17","guid":{"rendered":"http:\/\/2016.dasbesteaussocialmedia.de\/?page_id=167"},"modified":"2023-06-26T09:11:29","modified_gmt":"2023-06-26T09:11:29","slug":"ueber-uns","status":"publish","type":"page","link":"https:\/\/www.thebestsocial.media\/de\/ueber-uns\/","title":{"rendered":"\u00dcber uns"},"content":{"rendered":"<p><strong>The Best Social Media DE ist eine Initiative von <a href=\"http:\/\/studiobroekhuizen.nl\/\" target=\"_blank\" rel=\"noopener noreferrer\">THE BEST SOCIAL<\/a> aus Amsterdam.<\/strong><\/p>\n<p>The Best Social Media DE ist Pfadfinder im digitalen Chaos. Wir sammeln t\u00e4glich die lustigsten, kreativsten und bemerkenswertesten Updates aus dem Social Web. Dadurch wollen wir unentdeckten Querk\u00f6pfen, originellen Marken oder interessanten Diskursen ein Podium bieten. Wenn du dann am Ende gut unterhalten bist oder ein Denkansto\u00df ausgel\u00f6st wird, sind wir happy! \ud83d\ude42<\/p>\n<p>Informationen \u00fcber m\u00f6gliche Zusammenarbeiten oder Werbem\u00f6glichkeiten auf dem Blog\/auf Social Media findest du <a href=\"https:\/\/www.thebestsocial.media\/de\/mediadaten\/\">hier<\/a>.<\/p>\n<p>Fragen \u00fcber Content Creation f\u00fcr Marken auf Social Media oder Beratung zum Thema Community Management gerne via E-Mail an <a href=\"adrian@thebest.social\" target=\"_blank\" rel=\"noopener noreferrer\">adrian@thebest.social<\/a>.<\/p>\n<p>Tipps? Ideen? Guten Content gespottet? F\u00fcr Einsendungen (gerne mit Link) bitte das Formular unter <a href=\"https:\/\/www.thebestsocial.media\/de\/einsendungen\/\" target=\"_blank\" rel=\"noopener noreferrer\">Einsendungen<\/a> benutzen oder uns aus auf den Sozialen Netzwerken erw\u00e4hnen \u2013 via @thebestsocialmediaDE und auf Twitter via @thebestsocialDE.<\/p>\n","protected":false},"excerpt":{"rendered":"<p>The Best Social Media DE ist eine Initiative von THE BEST SOCIAL aus Amsterdam. The Best Social Media DE ist Pfadfinder im digitalen Chaos. Wir&#8230;<\/p>\n","protected":false},"author":2,"featured_media":0,"parent":0,"menu_order":0,"comment_status":"closed","ping_status":"closed","template":"template-about.php","meta":{"_acf_changed":false,"footnotes":""},"class_list":["post-167","page","type-page","status-publish","hentry"],"acf":[],"yoast_head":"<!-- This site is optimized with the Yoast SEO plugin v27.4 - https:\/\/yoast.com\/product\/yoast-seo-wordpress\/ -->\n<title>\u00dcber uns - The Best Social Media DE<\/title>\n<meta name=\"robots\" content=\"index, follow, max-snippet:-1, max-image-preview:large, max-video-preview:-1\" \/>\n<link rel=\"canonical\" href=\"https:\/\/www.thebestsocial.media\/de\/ueber-uns\/\" \/>\n<meta property=\"og:locale\" content=\"de_DE\" \/>\n<meta property=\"og:type\" content=\"article\" \/>\n<meta property=\"og:title\" content=\"\u00dcber uns - The Best Social Media DE\" \/>\n<meta property=\"og:description\" content=\"The Best Social Media DE ist eine Initiative von THE BEST SOCIAL aus Amsterdam. The Best Social Media DE ist Pfadfinder im digitalen Chaos. Wir...\" \/>\n<meta property=\"og:url\" content=\"https:\/\/www.thebestsocial.media\/de\/ueber-uns\/\" \/>\n<meta property=\"og:site_name\" content=\"The Best Social Media DE\" \/>\n<meta property=\"article:modified_time\" content=\"2023-06-26T09:11:29+00:00\" \/>\n<meta name=\"twitter:card\" content=\"summary_large_image\" \/>\n<meta name=\"twitter:label1\" content=\"Gesch\u00e4tzte Lesezeit\" \/>\n\t<meta name=\"twitter:data1\" content=\"1\u00a0Minute\" \/>\n<script type=\"application\/ld+json\" class=\"yoast-schema-graph\">{\"@context\":\"https:\\\/\\\/schema.org\",\"@graph\":[{\"@type\":\"WebPage\",\"@id\":\"https:\\\/\\\/www.thebestsocial.media\\\/de\\\/ueber-uns\\\/\",\"url\":\"https:\\\/\\\/www.thebestsocial.media\\\/de\\\/ueber-uns\\\/\",\"name\":\"\u00dcber uns - The Best Social Media DE\",\"isPartOf\":{\"@id\":\"https:\\\/\\\/www.thebestsocial.media\\\/de\\\/#website\"},\"datePublished\":\"2016-02-01T07:19:17+00:00\",\"dateModified\":\"2023-06-26T09:11:29+00:00\",\"breadcrumb\":{\"@id\":\"https:\\\/\\\/www.thebestsocial.media\\\/de\\\/ueber-uns\\\/#breadcrumb\"},\"inLanguage\":\"de\",\"potentialAction\":[{\"@type\":\"ReadAction\",\"target\":[\"https:\\\/\\\/www.thebestsocial.media\\\/de\\\/ueber-uns\\\/\"]}]},{\"@type\":\"BreadcrumbList\",\"@id\":\"https:\\\/\\\/www.thebestsocial.media\\\/de\\\/ueber-uns\\\/#breadcrumb\",\"itemListElement\":[{\"@type\":\"ListItem\",\"position\":1,\"name\":\"Home\",\"item\":\"https:\\\/\\\/www.thebestsocial.media\\\/de\\\/\"},{\"@type\":\"ListItem\",\"position\":2,\"name\":\"\u00dcber uns\"}]},{\"@type\":\"WebSite\",\"@id\":\"https:\\\/\\\/www.thebestsocial.media\\\/de\\\/#website\",\"url\":\"https:\\\/\\\/www.thebestsocial.media\\\/de\\\/\",\"name\":\"The Best Social Media DE\",\"description\":\"\",\"potentialAction\":[{\"@type\":\"SearchAction\",\"target\":{\"@type\":\"EntryPoint\",\"urlTemplate\":\"https:\\\/\\\/www.thebestsocial.media\\\/de\\\/?s={search_term_string}\"},\"query-input\":{\"@type\":\"PropertyValueSpecification\",\"valueRequired\":true,\"valueName\":\"search_term_string\"}}],\"inLanguage\":\"de\"}]}<\/script>\n<!-- \/ Yoast SEO plugin. -->","yoast_head_json":{"title":"\u00dcber uns - The Best Social Media DE","robots":{"index":"index","follow":"follow","max-snippet":"max-snippet:-1","max-image-preview":"max-image-preview:large","max-video-preview":"max-video-preview:-1"},"canonical":"https:\/\/www.thebestsocial.media\/de\/ueber-uns\/","og_locale":"de_DE","og_type":"article","og_title":"\u00dcber uns - The Best Social Media DE","og_description":"The Best Social Media DE ist eine Initiative von THE BEST SOCIAL aus Amsterdam. The Best Social Media DE ist Pfadfinder im digitalen Chaos. Wir...","og_url":"https:\/\/www.thebestsocial.media\/de\/ueber-uns\/","og_site_name":"The Best Social Media DE","article_modified_time":"2023-06-26T09:11:29+00:00","twitter_card":"summary_large_image","twitter_misc":{"Gesch\u00e4tzte Lesezeit":"1\u00a0Minute"},"schema":{"@context":"https:\/\/schema.org","@graph":[{"@type":"WebPage","@id":"https:\/\/www.thebestsocial.media\/de\/ueber-uns\/","url":"https:\/\/www.thebestsocial.media\/de\/ueber-uns\/","name":"\u00dcber uns - The Best Social Media DE","isPartOf":{"@id":"https:\/\/www.thebestsocial.media\/de\/#website"},"datePublished":"2016-02-01T07:19:17+00:00","dateModified":"2023-06-26T09:11:29+00:00","breadcrumb":{"@id":"https:\/\/www.thebestsocial.media\/de\/ueber-uns\/#breadcrumb"},"inLanguage":"de","potentialAction":[{"@type":"ReadAction","target":["https:\/\/www.thebestsocial.media\/de\/ueber-uns\/"]}]},{"@type":"BreadcrumbList","@id":"https:\/\/www.thebestsocial.media\/de\/ueber-uns\/#breadcrumb","itemListElement":[{"@type":"ListItem","position":1,"name":"Home","item":"https:\/\/www.thebestsocial.media\/de\/"},{"@type":"ListItem","position":2,"name":"\u00dcber uns"}]},{"@type":"WebSite","@id":"https:\/\/www.thebestsocial.media\/de\/#website","url":"https:\/\/www.thebestsocial.media\/de\/","name":"The Best Social Media DE","description":"","potentialAction":[{"@type":"SearchAction","target":{"@type":"EntryPoint","urlTemplate":"https:\/\/www.thebestsocial.media\/de\/?s={search_term_string}"},"query-input":{"@type":"PropertyValueSpecification","valueRequired":true,"valueName":"search_term_string"}}],"inLanguage":"de"}]}},"amp_enabled":false,"_links":{"self":[{"href":"https:\/\/www.thebestsocial.media\/de\/wp-json\/wp\/v2\/pages\/167","targetHints":{"allow":["GET"]}}],"collection":[{"href":"https:\/\/www.thebestsocial.media\/de\/wp-json\/wp\/v2\/pages"}],"about":[{"href":"https:\/\/www.thebestsocial.media\/de\/wp-json\/wp\/v2\/types\/page"}],"author":[{"embeddable":true,"href":"https:\/\/www.thebestsocial.media\/de\/wp-json\/wp\/v2\/users\/2"}],"replies":[{"embeddable":true,"href":"https:\/\/www.thebestsocial.media\/de\/wp-json\/wp\/v2\/comments?post=167"}],"version-history":[{"count":44,"href":"https:\/\/www.thebestsocial.media\/de\/wp-json\/wp\/v2\/pages\/167\/revisions"}],"predecessor-version":[{"id":182529,"href":"https:\/\/www.thebestsocial.media\/de\/wp-json\/wp\/v2\/pages\/167\/revisions\/182529"}],"wp:attachment":[{"href":"https:\/\/www.thebestsocial.media\/de\/wp-json\/wp\/v2\/media?parent=167"}],"curies":[{"name":"wp","href":"https:\/\/api.w.org\/{rel}","templated":true}]}}