{"id":10471,"date":"2016-02-01T10:29:56","date_gmt":"2016-02-01T09:29:56","guid":{"rendered":"http:\/\/debestesocialmedia.nl\/?page_id=10471"},"modified":"2023-10-16T15:46:48","modified_gmt":"2023-10-16T15:46:48","slug":"mediadaten","status":"publish","type":"page","link":"https:\/\/www.thebestsocial.media\/de\/mediadaten\/","title":{"rendered":"Werbung"},"content":{"rendered":"<p>Wir geben Werbetreibenden die M\u00f6glichkeit, Teil des t\u00e4glichen Gespr\u00e4ches zu sein. Hierf\u00fcr bieten wir verschiedene Werbem\u00f6glichkeiten auf unseren Plattformen an.<\/p>\n<p>Auf unserer Seite The Best Social Media pr\u00e4sentieren wir das Beste aus den sozialen Medien, mit Themen aus dem t\u00e4glichen Leben, wie Dating, Reisen oder TV-Shows \u2013 immer mit einer Prise Humor und immer topaktuell. Es steckt aber noch viel mehr in uns! Mit unserer Full Service-Agentur <a href=\"https:\/\/www.thebest.social\/\" target=\"_blank\" rel=\"noopener\">The Best Social<\/a> mit Sitz in Amsterdam unterst\u00fctzen wir regelm\u00e4\u00dfig Firmen mit Social Media Content und passenden -Strategien. Zu unseren Kunden durften wir unter anderem bereits Milka, Beate Uhse, TUI und XING z\u00e4hlen!<\/p>\n<h1>Wir bieten, was wir sind<\/h1>\n<p><img loading=\"lazy\" decoding=\"async\" class=\"alignnone wp-image-174803 size-full\" src=\"https:\/\/www.thebestsocial.media\/de\/wp-content\/uploads\/sites\/3\/2023\/01\/Bildschirmfoto-2023-01-27-um-20.41.19.png\" alt=\"\" width=\"1694\" height=\"970\" srcset=\"https:\/\/www.thebestsocial.media\/de\/wp-content\/uploads\/sites\/3\/2023\/01\/Bildschirmfoto-2023-01-27-um-20.41.19.png 1694w, https:\/\/www.thebestsocial.media\/de\/wp-content\/uploads\/sites\/3\/2023\/01\/Bildschirmfoto-2023-01-27-um-20.41.19-300x172.png 300w, https:\/\/www.thebestsocial.media\/de\/wp-content\/uploads\/sites\/3\/2023\/01\/Bildschirmfoto-2023-01-27-um-20.41.19-1024x586.png 1024w, https:\/\/www.thebestsocial.media\/de\/wp-content\/uploads\/sites\/3\/2023\/01\/Bildschirmfoto-2023-01-27-um-20.41.19-768x440.png 768w, https:\/\/www.thebestsocial.media\/de\/wp-content\/uploads\/sites\/3\/2023\/01\/Bildschirmfoto-2023-01-27-um-20.41.19-1536x880.png 1536w\" sizes=\"auto, (max-width: 1694px) 100vw, 1694px\" \/><\/p>\n<p>&nbsp;<\/p>\n<h1>Unsere Leser:innen<\/h1>\n<p><img loading=\"lazy\" decoding=\"async\" class=\"alignnone wp-image-174806 size-full\" src=\"https:\/\/www.thebestsocial.media\/de\/wp-content\/uploads\/sites\/3\/2023\/01\/Bildschirmfoto-2023-01-27-um-21.14.59.png\" alt=\"\" width=\"2006\" height=\"1120\" srcset=\"https:\/\/www.thebestsocial.media\/de\/wp-content\/uploads\/sites\/3\/2023\/01\/Bildschirmfoto-2023-01-27-um-21.14.59.png 2006w, https:\/\/www.thebestsocial.media\/de\/wp-content\/uploads\/sites\/3\/2023\/01\/Bildschirmfoto-2023-01-27-um-21.14.59-300x167.png 300w, https:\/\/www.thebestsocial.media\/de\/wp-content\/uploads\/sites\/3\/2023\/01\/Bildschirmfoto-2023-01-27-um-21.14.59-1024x572.png 1024w, https:\/\/www.thebestsocial.media\/de\/wp-content\/uploads\/sites\/3\/2023\/01\/Bildschirmfoto-2023-01-27-um-21.14.59-768x429.png 768w, https:\/\/www.thebestsocial.media\/de\/wp-content\/uploads\/sites\/3\/2023\/01\/Bildschirmfoto-2023-01-27-um-21.14.59-1536x858.png 1536w\" sizes=\"auto, (max-width: 2006px) 100vw, 2006px\" \/><\/p>\n<p>&nbsp;<\/p>\n<h1>Zahlenspiele<\/h1>\n<p><img loading=\"lazy\" decoding=\"async\" class=\"alignnone wp-image-183390 size-full\" src=\"https:\/\/www.thebestsocial.media\/de\/wp-content\/uploads\/sites\/3\/2023\/10\/Bildschirmfoto-2023-10-16-um-17.45.26.png\" alt=\"\" width=\"1780\" height=\"1048\" srcset=\"https:\/\/www.thebestsocial.media\/de\/wp-content\/uploads\/sites\/3\/2023\/10\/Bildschirmfoto-2023-10-16-um-17.45.26.png 1780w, https:\/\/www.thebestsocial.media\/de\/wp-content\/uploads\/sites\/3\/2023\/10\/Bildschirmfoto-2023-10-16-um-17.45.26-300x177.png 300w, https:\/\/www.thebestsocial.media\/de\/wp-content\/uploads\/sites\/3\/2023\/10\/Bildschirmfoto-2023-10-16-um-17.45.26-1024x603.png 1024w, https:\/\/www.thebestsocial.media\/de\/wp-content\/uploads\/sites\/3\/2023\/10\/Bildschirmfoto-2023-10-16-um-17.45.26-768x452.png 768w, https:\/\/www.thebestsocial.media\/de\/wp-content\/uploads\/sites\/3\/2023\/10\/Bildschirmfoto-2023-10-16-um-17.45.26-1536x904.png 1536w\" sizes=\"auto, (max-width: 1780px) 100vw, 1780px\" \/><\/p>\n<p>&nbsp;<\/p>\n<h1>M\u00f6glichkeiten<\/h1>\n<p><strong><a href=\"https:\/\/www.thebestsocial.media\/de\/tag\/advertorial\/\" target=\"_blank\" rel=\"noopener\">Advertorials<\/a> von der The Best Social Media Redaktion geschrieben. Beispiele:\u00a0<\/strong><\/p>\n<p><img loading=\"lazy\" decoding=\"async\" class=\"alignnone wp-image-174794 size-full\" src=\"https:\/\/www.thebestsocial.media\/de\/wp-content\/uploads\/sites\/3\/2023\/01\/Bildschirmfoto-2022-10-04-um-15.09.15.png\" alt=\"\" width=\"1052\" height=\"954\" srcset=\"https:\/\/www.thebestsocial.media\/de\/wp-content\/uploads\/sites\/3\/2023\/01\/Bildschirmfoto-2022-10-04-um-15.09.15.png 1052w, https:\/\/www.thebestsocial.media\/de\/wp-content\/uploads\/sites\/3\/2023\/01\/Bildschirmfoto-2022-10-04-um-15.09.15-300x272.png 300w, https:\/\/www.thebestsocial.media\/de\/wp-content\/uploads\/sites\/3\/2023\/01\/Bildschirmfoto-2022-10-04-um-15.09.15-1024x929.png 1024w, https:\/\/www.thebestsocial.media\/de\/wp-content\/uploads\/sites\/3\/2023\/01\/Bildschirmfoto-2022-10-04-um-15.09.15-768x696.png 768w\" sizes=\"auto, (max-width: 1052px) 100vw, 1052px\" \/><\/p>\n<p><img loading=\"lazy\" decoding=\"async\" class=\"alignnone wp-image-174796 size-full\" src=\"https:\/\/www.thebestsocial.media\/de\/wp-content\/uploads\/sites\/3\/2023\/01\/Bildschirmfoto-2023-01-27-um-21.01.46.png\" alt=\"\" width=\"1052\" height=\"940\" srcset=\"https:\/\/www.thebestsocial.media\/de\/wp-content\/uploads\/sites\/3\/2023\/01\/Bildschirmfoto-2023-01-27-um-21.01.46.png 1052w, https:\/\/www.thebestsocial.media\/de\/wp-content\/uploads\/sites\/3\/2023\/01\/Bildschirmfoto-2023-01-27-um-21.01.46-300x268.png 300w, https:\/\/www.thebestsocial.media\/de\/wp-content\/uploads\/sites\/3\/2023\/01\/Bildschirmfoto-2023-01-27-um-21.01.46-1024x915.png 1024w, https:\/\/www.thebestsocial.media\/de\/wp-content\/uploads\/sites\/3\/2023\/01\/Bildschirmfoto-2023-01-27-um-21.01.46-768x686.png 768w\" sizes=\"auto, (max-width: 1052px) 100vw, 1052px\" \/><\/p>\n<p>&nbsp;<\/p>\n<p><strong>Videoproduktionen<\/strong><br \/>\n<img loading=\"lazy\" decoding=\"async\" class=\"alignnone size-full wp-image-54537\" src=\"https:\/\/www.thebestsocial.media\/de\/wp-content\/uploads\/sites\/3\/2018\/07\/Bildschirmfoto-2018-07-19-um-12.08.58.png\" alt=\"\" width=\"495\" height=\"599\" srcset=\"https:\/\/www.thebestsocial.media\/de\/wp-content\/uploads\/sites\/3\/2018\/07\/Bildschirmfoto-2018-07-19-um-12.08.58.png 495w, https:\/\/www.thebestsocial.media\/de\/wp-content\/uploads\/sites\/3\/2018\/07\/Bildschirmfoto-2018-07-19-um-12.08.58-248x300.png 248w\" sizes=\"auto, (max-width: 495px) 100vw, 495px\" \/><\/p>\n<p><strong>Instagram Stories<\/strong><img loading=\"lazy\" decoding=\"async\" class=\"alignnone size-full wp-image-54538\" src=\"https:\/\/www.thebestsocial.media\/de\/wp-content\/uploads\/sites\/3\/2018\/07\/Bildschirmfoto-2018-07-19-um-12.12.13.png\" alt=\"\" width=\"790\" height=\"432\" srcset=\"https:\/\/www.thebestsocial.media\/de\/wp-content\/uploads\/sites\/3\/2018\/07\/Bildschirmfoto-2018-07-19-um-12.12.13.png 790w, https:\/\/www.thebestsocial.media\/de\/wp-content\/uploads\/sites\/3\/2018\/07\/Bildschirmfoto-2018-07-19-um-12.12.13-300x164.png 300w, https:\/\/www.thebestsocial.media\/de\/wp-content\/uploads\/sites\/3\/2018\/07\/Bildschirmfoto-2018-07-19-um-12.12.13-768x420.png 768w\" sizes=\"auto, (max-width: 790px) 100vw, 790px\" \/><\/p>\n<p>&nbsp;<\/p>\n<p><strong>Custom Banner auf der Website<\/strong><br \/>\n<img loading=\"lazy\" decoding=\"async\" class=\"alignnone size-large wp-image-54539\" src=\"https:\/\/www.thebestsocial.media\/de\/wp-content\/uploads\/sites\/3\/2018\/07\/Bildschirmfoto-2018-07-19-um-12.13.29-1024x893.png\" alt=\"\" width=\"1024\" height=\"893\" srcset=\"https:\/\/www.thebestsocial.media\/de\/wp-content\/uploads\/sites\/3\/2018\/07\/Bildschirmfoto-2018-07-19-um-12.13.29-1024x893.png 1024w, https:\/\/www.thebestsocial.media\/de\/wp-content\/uploads\/sites\/3\/2018\/07\/Bildschirmfoto-2018-07-19-um-12.13.29-300x262.png 300w, https:\/\/www.thebestsocial.media\/de\/wp-content\/uploads\/sites\/3\/2018\/07\/Bildschirmfoto-2018-07-19-um-12.13.29-768x670.png 768w, https:\/\/www.thebestsocial.media\/de\/wp-content\/uploads\/sites\/3\/2018\/07\/Bildschirmfoto-2018-07-19-um-12.13.29.png 1033w\" sizes=\"auto, (max-width: 1024px) 100vw, 1024px\" \/><\/p>\n<h1>Bisher?<\/h1>\n<p>Wir durften schon mit Milka, der Sparkasse, Beate Uhse, Nokia, We Are Social, Adobe, Techniker Krankenkasse und weiteren zusammenarbeiten. Und auf euch haben wir auch Bock!<\/p>\n<h1>Ja, ich will!<\/h1>\n<p>Alle Fragen \u00fcber Zusammenarbeiten und Werbem\u00f6glichkeiten bei uns k\u00f6nnen direkt per E-mail an <a href=\"mailto:sales@thebest.social\">sales@thebest.social<\/a> oder \u00fcber das Kontaktformular weiter unten gesendet werden.<\/p>\n<h1>Habt ihr eine freie Stelle im Medien Bereich ausgeschrieben und m\u00f6chtet damit mehr Menschen erreichen?<\/h1>\n<p>Sucht nicht weiter. Unsere Plattform <a href=\"https:\/\/www.thebestsocialjobs.com\/de\/\">The Best Social Jobs<\/a> ist der Ort f\u00fcr die coolsten und anspruchsvollsten Stellenangebote in den Niederlanden und Deutschland. Besuch die Website, um sofort ein Stellenangebot zu ver\u00f6ffentlichen.<\/p>\n<h3>The Best Social Studio:<\/h3>\n<p><a href=\"https:\/\/www.thebestsocialstudio.com\/\">The Best Social Studio<\/a> ist eine Full-Service-Agency. Wir kreieren, betreuen und inspirieren: Bei uns dreht sich alles um Socials. Wir arbeiten sowohl f\u00fcr eine Vielzahl von Brands als auch f\u00fcr unsere eigenen Unternehmensbereiche.<\/p>\n","protected":false},"excerpt":{"rendered":"<p>Wir geben Werbetreibenden die M\u00f6glichkeit, Teil des t\u00e4glichen Gespr\u00e4ches zu sein. Hierf\u00fcr bieten wir verschiedene Werbem\u00f6glichkeiten auf unseren Plattformen an. Auf unserer Seite The Best&#8230;<\/p>\n","protected":false},"author":3,"featured_media":0,"parent":0,"menu_order":0,"comment_status":"closed","ping_status":"closed","template":"template-advertise.php","meta":{"_acf_changed":false,"footnotes":""},"class_list":["post-10471","page","type-page","status-publish","hentry"],"acf":[],"yoast_head":"<!-- This site is optimized with the Yoast SEO plugin v27.5 - https:\/\/yoast.com\/product\/yoast-seo-wordpress\/ -->\n<title>Werbung | The Best Social Media<\/title>\n<meta name=\"description\" content=\"Wir geben Werbetreibenden die M\u00f6glichkeit, Teil des t\u00e4glichen Gespr\u00e4ches zu sein. Hierf\u00fcr bieten wir verschiedene Werbem\u00f6glichkeiten auf unseren Plattformen an.\" \/>\n<meta name=\"robots\" content=\"index, follow, max-snippet:-1, max-image-preview:large, max-video-preview:-1\" \/>\n<link rel=\"canonical\" href=\"https:\/\/www.thebestsocial.media\/de\/mediadaten\/\" \/>\n<meta property=\"og:locale\" content=\"de_DE\" \/>\n<meta property=\"og:type\" content=\"article\" \/>\n<meta property=\"og:title\" content=\"Werbung | The Best Social Media\" \/>\n<meta property=\"og:description\" content=\"Wir geben Werbetreibenden die M\u00f6glichkeit, Teil des t\u00e4glichen Gespr\u00e4ches zu sein. Hierf\u00fcr bieten wir verschiedene Werbem\u00f6glichkeiten auf unseren Plattformen an.\" \/>\n<meta property=\"og:url\" content=\"https:\/\/www.thebestsocial.media\/de\/mediadaten\/\" \/>\n<meta property=\"og:site_name\" content=\"The Best Social Media DE\" \/>\n<meta property=\"article:modified_time\" content=\"2023-10-16T15:46:48+00:00\" \/>\n<meta property=\"og:image\" content=\"https:\/\/www.thebestsocial.media\/de\/wp-content\/uploads\/sites\/3\/2023\/01\/Bildschirmfoto-2023-01-27-um-20.41.19.png\" \/>\n<meta name=\"twitter:card\" content=\"summary_large_image\" \/>\n<meta name=\"twitter:label1\" content=\"Gesch\u00e4tzte Lesezeit\" \/>\n\t<meta name=\"twitter:data1\" content=\"4\u00a0Minuten\" \/>\n<script type=\"application\/ld+json\" class=\"yoast-schema-graph\">{\"@context\":\"https:\\\/\\\/schema.org\",\"@graph\":[{\"@type\":\"WebPage\",\"@id\":\"https:\\\/\\\/www.thebestsocial.media\\\/de\\\/mediadaten\\\/\",\"url\":\"https:\\\/\\\/www.thebestsocial.media\\\/de\\\/mediadaten\\\/\",\"name\":\"Werbung | The Best Social Media\",\"isPartOf\":{\"@id\":\"https:\\\/\\\/www.thebestsocial.media\\\/de\\\/#website\"},\"primaryImageOfPage\":{\"@id\":\"https:\\\/\\\/www.thebestsocial.media\\\/de\\\/mediadaten\\\/#primaryimage\"},\"image\":{\"@id\":\"https:\\\/\\\/www.thebestsocial.media\\\/de\\\/mediadaten\\\/#primaryimage\"},\"thumbnailUrl\":\"https:\\\/\\\/www.thebestsocial.media\\\/de\\\/wp-content\\\/uploads\\\/sites\\\/3\\\/2023\\\/01\\\/Bildschirmfoto-2023-01-27-um-20.41.19.png\",\"datePublished\":\"2016-02-01T09:29:56+00:00\",\"dateModified\":\"2023-10-16T15:46:48+00:00\",\"description\":\"Wir geben Werbetreibenden die M\u00f6glichkeit, Teil des t\u00e4glichen Gespr\u00e4ches zu sein. Hierf\u00fcr bieten wir verschiedene Werbem\u00f6glichkeiten auf unseren Plattformen an.\",\"breadcrumb\":{\"@id\":\"https:\\\/\\\/www.thebestsocial.media\\\/de\\\/mediadaten\\\/#breadcrumb\"},\"inLanguage\":\"de\",\"potentialAction\":[{\"@type\":\"ReadAction\",\"target\":[\"https:\\\/\\\/www.thebestsocial.media\\\/de\\\/mediadaten\\\/\"]}]},{\"@type\":\"ImageObject\",\"inLanguage\":\"de\",\"@id\":\"https:\\\/\\\/www.thebestsocial.media\\\/de\\\/mediadaten\\\/#primaryimage\",\"url\":\"https:\\\/\\\/www.thebestsocial.media\\\/de\\\/wp-content\\\/uploads\\\/sites\\\/3\\\/2023\\\/01\\\/Bildschirmfoto-2023-01-27-um-20.41.19.png\",\"contentUrl\":\"https:\\\/\\\/www.thebestsocial.media\\\/de\\\/wp-content\\\/uploads\\\/sites\\\/3\\\/2023\\\/01\\\/Bildschirmfoto-2023-01-27-um-20.41.19.png\",\"width\":1694,\"height\":970},{\"@type\":\"BreadcrumbList\",\"@id\":\"https:\\\/\\\/www.thebestsocial.media\\\/de\\\/mediadaten\\\/#breadcrumb\",\"itemListElement\":[{\"@type\":\"ListItem\",\"position\":1,\"name\":\"Home\",\"item\":\"https:\\\/\\\/www.thebestsocial.media\\\/de\\\/\"},{\"@type\":\"ListItem\",\"position\":2,\"name\":\"Werbung\"}]},{\"@type\":\"WebSite\",\"@id\":\"https:\\\/\\\/www.thebestsocial.media\\\/de\\\/#website\",\"url\":\"https:\\\/\\\/www.thebestsocial.media\\\/de\\\/\",\"name\":\"The Best Social Media DE\",\"description\":\"\",\"potentialAction\":[{\"@type\":\"SearchAction\",\"target\":{\"@type\":\"EntryPoint\",\"urlTemplate\":\"https:\\\/\\\/www.thebestsocial.media\\\/de\\\/?s={search_term_string}\"},\"query-input\":{\"@type\":\"PropertyValueSpecification\",\"valueRequired\":true,\"valueName\":\"search_term_string\"}}],\"inLanguage\":\"de\"}]}<\/script>\n<!-- \/ Yoast SEO plugin. -->","yoast_head_json":{"title":"Werbung | The Best Social Media","description":"Wir geben Werbetreibenden die M\u00f6glichkeit, Teil des t\u00e4glichen Gespr\u00e4ches zu sein. Hierf\u00fcr bieten wir verschiedene Werbem\u00f6glichkeiten auf unseren Plattformen an.","robots":{"index":"index","follow":"follow","max-snippet":"max-snippet:-1","max-image-preview":"max-image-preview:large","max-video-preview":"max-video-preview:-1"},"canonical":"https:\/\/www.thebestsocial.media\/de\/mediadaten\/","og_locale":"de_DE","og_type":"article","og_title":"Werbung | The Best Social Media","og_description":"Wir geben Werbetreibenden die M\u00f6glichkeit, Teil des t\u00e4glichen Gespr\u00e4ches zu sein. Hierf\u00fcr bieten wir verschiedene Werbem\u00f6glichkeiten auf unseren Plattformen an.","og_url":"https:\/\/www.thebestsocial.media\/de\/mediadaten\/","og_site_name":"The Best Social Media DE","article_modified_time":"2023-10-16T15:46:48+00:00","og_image":[{"url":"https:\/\/www.thebestsocial.media\/de\/wp-content\/uploads\/sites\/3\/2023\/01\/Bildschirmfoto-2023-01-27-um-20.41.19.png","type":"","width":"","height":""}],"twitter_card":"summary_large_image","twitter_misc":{"Gesch\u00e4tzte Lesezeit":"4\u00a0Minuten"},"schema":{"@context":"https:\/\/schema.org","@graph":[{"@type":"WebPage","@id":"https:\/\/www.thebestsocial.media\/de\/mediadaten\/","url":"https:\/\/www.thebestsocial.media\/de\/mediadaten\/","name":"Werbung | The Best Social Media","isPartOf":{"@id":"https:\/\/www.thebestsocial.media\/de\/#website"},"primaryImageOfPage":{"@id":"https:\/\/www.thebestsocial.media\/de\/mediadaten\/#primaryimage"},"image":{"@id":"https:\/\/www.thebestsocial.media\/de\/mediadaten\/#primaryimage"},"thumbnailUrl":"https:\/\/www.thebestsocial.media\/de\/wp-content\/uploads\/sites\/3\/2023\/01\/Bildschirmfoto-2023-01-27-um-20.41.19.png","datePublished":"2016-02-01T09:29:56+00:00","dateModified":"2023-10-16T15:46:48+00:00","description":"Wir geben Werbetreibenden die M\u00f6glichkeit, Teil des t\u00e4glichen Gespr\u00e4ches zu sein. Hierf\u00fcr bieten wir verschiedene Werbem\u00f6glichkeiten auf unseren Plattformen an.","breadcrumb":{"@id":"https:\/\/www.thebestsocial.media\/de\/mediadaten\/#breadcrumb"},"inLanguage":"de","potentialAction":[{"@type":"ReadAction","target":["https:\/\/www.thebestsocial.media\/de\/mediadaten\/"]}]},{"@type":"ImageObject","inLanguage":"de","@id":"https:\/\/www.thebestsocial.media\/de\/mediadaten\/#primaryimage","url":"https:\/\/www.thebestsocial.media\/de\/wp-content\/uploads\/sites\/3\/2023\/01\/Bildschirmfoto-2023-01-27-um-20.41.19.png","contentUrl":"https:\/\/www.thebestsocial.media\/de\/wp-content\/uploads\/sites\/3\/2023\/01\/Bildschirmfoto-2023-01-27-um-20.41.19.png","width":1694,"height":970},{"@type":"BreadcrumbList","@id":"https:\/\/www.thebestsocial.media\/de\/mediadaten\/#breadcrumb","itemListElement":[{"@type":"ListItem","position":1,"name":"Home","item":"https:\/\/www.thebestsocial.media\/de\/"},{"@type":"ListItem","position":2,"name":"Werbung"}]},{"@type":"WebSite","@id":"https:\/\/www.thebestsocial.media\/de\/#website","url":"https:\/\/www.thebestsocial.media\/de\/","name":"The Best Social Media DE","description":"","potentialAction":[{"@type":"SearchAction","target":{"@type":"EntryPoint","urlTemplate":"https:\/\/www.thebestsocial.media\/de\/?s={search_term_string}"},"query-input":{"@type":"PropertyValueSpecification","valueRequired":true,"valueName":"search_term_string"}}],"inLanguage":"de"}]}},"amp_enabled":false,"_links":{"self":[{"href":"https:\/\/www.thebestsocial.media\/de\/wp-json\/wp\/v2\/pages\/10471","targetHints":{"allow":["GET"]}}],"collection":[{"href":"https:\/\/www.thebestsocial.media\/de\/wp-json\/wp\/v2\/pages"}],"about":[{"href":"https:\/\/www.thebestsocial.media\/de\/wp-json\/wp\/v2\/types\/page"}],"author":[{"embeddable":true,"href":"https:\/\/www.thebestsocial.media\/de\/wp-json\/wp\/v2\/users\/3"}],"replies":[{"embeddable":true,"href":"https:\/\/www.thebestsocial.media\/de\/wp-json\/wp\/v2\/comments?post=10471"}],"version-history":[{"count":41,"href":"https:\/\/www.thebestsocial.media\/de\/wp-json\/wp\/v2\/pages\/10471\/revisions"}],"predecessor-version":[{"id":183391,"href":"https:\/\/www.thebestsocial.media\/de\/wp-json\/wp\/v2\/pages\/10471\/revisions\/183391"}],"wp:attachment":[{"href":"https:\/\/www.thebestsocial.media\/de\/wp-json\/wp\/v2\/media?parent=10471"}],"curies":[{"name":"wp","href":"https:\/\/api.w.org\/{rel}","templated":true}]}}